{"id":351,"date":"2019-03-18T14:59:12","date_gmt":"2019-03-18T14:59:12","guid":{"rendered":"https:\/\/dmvimmigrationcenter.com\/linh-vuc-hanh-nghe\/personal-injury-law\/"},"modified":"2019-10-03T04:25:01","modified_gmt":"2019-10-03T04:25:01","slug":"luat-ve-thuong-tich-ca-nhan","status":"publish","type":"page","link":"https:\/\/dmvimmigrationcenter.com\/vi\/linh-vuc-hanh-nghe\/luat-ve-thuong-tich-ca-nhan\/","title":{"rendered":"Lu\u1eadt v\u1ec1 Th\u01b0\u01a1ng t\u00edch C\u00e1 nh\u00e2n"},"content":{"rendered":"","protected":false},"excerpt":{"rendered":"","protected":false},"author":1,"featured_media":0,"parent":252,"menu_order":0,"comment_status":"closed","ping_status":"closed","template":"","meta":{"footnotes":""},"_links":{"self":[{"href":"https:\/\/dmvimmigrationcenter.com\/vi\/wp-json\/wp\/v2\/pages\/351"}],"collection":[{"href":"https:\/\/dmvimmigrationcenter.com\/vi\/wp-json\/wp\/v2\/pages"}],"about":[{"href":"https:\/\/dmvimmigrationcenter.com\/vi\/wp-json\/wp\/v2\/types\/page"}],"author":[{"embeddable":true,"href":"https:\/\/dmvimmigrationcenter.com\/vi\/wp-json\/wp\/v2\/users\/1"}],"replies":[{"embeddable":true,"href":"https:\/\/dmvimmigrationcenter.com\/vi\/wp-json\/wp\/v2\/comments?post=351"}],"version-history":[{"count":1,"href":"https:\/\/dmvimmigrationcenter.com\/vi\/wp-json\/wp\/v2\/pages\/351\/revisions"}],"predecessor-version":[{"id":596,"href":"https:\/\/dmvimmigrationcenter.com\/vi\/wp-json\/wp\/v2\/pages\/351\/revisions\/596"}],"up":[{"embeddable":true,"href":"https:\/\/dmvimmigrationcenter.com\/vi\/wp-json\/wp\/v2\/pages\/252"}],"wp:attachment":[{"href":"https:\/\/dmvimmigrationcenter.com\/vi\/wp-json\/wp\/v2\/media?parent=351"}],"curies":[{"name":"wp","href":"https:\/\/api.w.org\/{rel}","templated":true}]}}